{"id":237,"date":"2018-10-08T18:42:31","date_gmt":"2018-10-08T16:42:31","guid":{"rendered":"http:\/\/www.refuge-animaux-etretat.fr\/RefugeEtretat\/?page_id=237"},"modified":"2025-11-04T20:44:09","modified_gmt":"2025-11-04T19:44:09","slug":"conditions-dadoption","status":"publish","type":"page","link":"http:\/\/www.refuge-animaux-etretat.fr\/RefugeEtretat\/conditions-dadoption\/","title":{"rendered":"Conditions d&rsquo;adoption"},"content":{"rendered":"<div id=\"pl-237\"  class=\"panel-layout\" ><div id=\"pg-237-0\"  class=\"panel-grid panel-no-style\" ><div id=\"pgc-237-0-0\"  class=\"panel-grid-cell\" ><div id=\"panel-237-0-0-0\" class=\"so-panel widget widget_sow-editor panel-first-child panel-last-child\" data-index=\"0\" ><div class=\"so-widget-sow-editor so-widget-sow-editor-base\">\n<div class=\"siteorigin-widget-tinymce textwidget\">\n\t<h3>Conditions d'adoptions<\/h3>\n<div class=\"h-block\">Adopter un animal est une d\u00e9marche s\u00e9rieuse et responsable. Elle implique tous les membres d'une famille et s'inscrit dans le temps. Un animal est un\u00a0<span style=\"color: #ffc400;\">\u00eatre vivant qui m\u00e9rite du temps, de l'attention et de l'amour<\/span>.<br \/>\nLe refuge veille et tient \u00e0 ce que cet engagement soit m\u00fbrement r\u00e9fl\u00e9chi pour \u00e9viter un nouvel abandon.<\/div>\n<p>&nbsp;<\/p>\n<\/div>\n<\/div><\/div><\/div><\/div><div id=\"pg-237-1\"  class=\"panel-grid panel-no-style\" ><div id=\"pgc-237-1-0\"  class=\"panel-grid-cell\" ><div id=\"panel-237-1-0-0\" class=\"so-panel widget widget_sow-editor panel-first-child panel-last-child\" data-index=\"1\" ><div class=\"so-widget-sow-editor so-widget-sow-editor-base\">\n<div class=\"siteorigin-widget-tinymce textwidget\">\n\t<h5>- D\u00e9marches d'adoption -<\/h5>\n<p>Le refuge pr\u00f4ne l'adoption responsable. Une fiche de renseignements sera \u00e0 remplir lors de l'adoption en refuge.<\/p>\n<p>Justificatifs \u00e0 fournir:<\/p>\n<p><span style=\"color: #ffc400;\">\u2022<\/span> Pi\u00e8ce d'identit\u00e9<\/p>\n<p><span style=\"color: #ffc400;\">\u2022<\/span> Justificatif de domicile de moins de 3 mois<\/p>\n<p><em>\u00a0 \u00a0<span style=\"color: #ffc400;\">Si vous d\u00e9j\u00e0 un animal, celui-ci devra vous accompagner afin de faire les pr\u00e9sentations.<\/span><\/em><\/p>\n<p>&nbsp;<\/p>\n<\/div>\n<\/div><\/div><\/div><div id=\"pgc-237-1-1\"  class=\"panel-grid-cell\" ><div id=\"panel-237-1-1-0\" class=\"so-panel widget widget_sow-editor panel-first-child panel-last-child\" data-index=\"2\" ><div class=\"so-widget-sow-editor so-widget-sow-editor-base\">\n<div class=\"siteorigin-widget-tinymce textwidget\">\n\t<div class=\"dogs\"><img loading=\"lazy\" class=\"size-full wp-image-11 aligncenter\" src=\"http:\/\/www.refuge-animaux-etretat.fr\/RefugeEtretat\/wp-content\/themes\/bento-child\/images\/dogs.svg\" alt=\"\" width=\"auto\" height=\"auto\" \/><\/div>\n<\/div>\n<\/div><\/div><\/div><\/div><div id=\"pg-237-2\"  class=\"panel-grid panel-no-style\" ><div id=\"pgc-237-2-0\"  class=\"panel-grid-cell\" ><div id=\"panel-237-2-0-0\" class=\"so-panel widget widget_sow-editor panel-first-child panel-last-child\" data-index=\"3\" ><div class=\"so-widget-sow-editor so-widget-sow-editor-base\">\n<div class=\"siteorigin-widget-tinymce textwidget\">\n\t<h5 style=\"text-align: center;\">- Participation financi\u00e8re \u00e0 l'adoption -<\/h5>\n<p>&nbsp;<\/p>\n<p>Ce tarif comprend la puce et la vaccination, plus une somme forfaitaire sera \u00e0 rajouter pour la st\u00e9rilisation de l'animal. Ce forfait varie selon si il s'agit d'un m\u00e2le ou d'une femelle.<\/p>\n<p>&nbsp;<\/p>\n<\/div>\n<\/div><\/div><\/div><\/div><div id=\"pg-237-3\"  class=\"panel-grid panel-no-style\" ><div id=\"pgc-237-3-0\"  class=\"panel-grid-cell\" ><div id=\"panel-237-3-0-0\" class=\"so-panel widget widget_sow-editor panel-first-child panel-last-child\" data-index=\"4\" ><div class=\"so-widget-sow-editor so-widget-sow-editor-base\">\n<div class=\"siteorigin-widget-tinymce textwidget\">\n\t<div class=\"t-block\">\n<h6>Chiot entre 2 et 6 mois<\/h6>\n<hr class=\"symple-divider dashed \" style=\"margin-top: 25px;margin-bottom: 25px;\" \/>\n<p>&nbsp;<\/p>\n<p>300 Euros<\/p>\n<p>&nbsp;<\/p>\n<p>&nbsp;<\/p>\n<\/div>\n<\/div>\n<\/div><\/div><\/div><div id=\"pgc-237-3-1\"  class=\"panel-grid-cell\" ><div id=\"panel-237-3-1-0\" class=\"so-panel widget widget_sow-editor panel-first-child panel-last-child\" data-index=\"5\" ><div class=\"so-widget-sow-editor so-widget-sow-editor-base\">\n<div class=\"siteorigin-widget-tinymce textwidget\">\n\t<div class=\"t-block\">\n<h6>Chien entre 7 mois et 5 ans<\/h6>\n<hr class=\"symple-divider dashed \" style=\"margin-top: 25px;margin-bottom: 25px;\" \/>\n<p>&nbsp;<\/p>\n<p>200 Euros<\/p>\n<\/div>\n<\/div>\n<\/div><\/div><\/div><\/div><div id=\"pg-237-4\"  class=\"panel-grid panel-no-style\" ><div id=\"pgc-237-4-0\"  class=\"panel-grid-cell\" ><div id=\"panel-237-4-0-0\" class=\"so-panel widget widget_sow-editor panel-first-child panel-last-child\" data-index=\"6\" ><div class=\"so-widget-sow-editor so-widget-sow-editor-base\">\n<div class=\"siteorigin-widget-tinymce textwidget\">\n\t<div class=\"t-block\">\n<h6>Chiot entre 6 ans\u00a0 et 9 ans<\/h6>\n<hr class=\"symple-divider dashed \" style=\"margin-top: 25px;margin-bottom: 25px;\" \/>\n<p>&nbsp;<\/p>\n<p>180 Euros<\/p>\n<p>&nbsp;<\/p>\n<p>&nbsp;<\/p>\n<\/div>\n<\/div>\n<\/div><\/div><\/div><div id=\"pgc-237-4-1\"  class=\"panel-grid-cell\" ><div id=\"panel-237-4-1-0\" class=\"so-panel widget widget_sow-editor panel-first-child panel-last-child\" data-index=\"7\" ><div class=\"so-widget-sow-editor so-widget-sow-editor-base\">\n<div class=\"siteorigin-widget-tinymce textwidget\">\n\t<div class=\"t-block\">\n<h6>Chien \u00e0 partir de 10 ans<\/h6>\n<hr class=\"symple-divider dashed \" style=\"margin-top: 25px;margin-bottom: 25px;\" \/>\n<p>&nbsp;<\/p>\n<p>70 Euros + vous acc\u00e9dez \u00e0 l'op\u00e9ration doyen qui est une aide financi\u00e8re offerte par 30 Millions d'Amis d'un montant de 800 Euros pour les frais v\u00e9t\u00e9rinaires<\/p>\n<\/div>\n<\/div>\n<\/div><\/div><\/div><\/div><div id=\"pg-237-5\"  class=\"panel-grid panel-no-style\" ><div id=\"pgc-237-5-0\"  class=\"panel-grid-cell panel-grid-cell-empty\" ><\/div><div id=\"pgc-237-5-1\"  class=\"panel-grid-cell\" ><div id=\"panel-237-5-1-0\" class=\"so-panel widget widget_sow-editor panel-first-child panel-last-child\" data-index=\"8\" ><div class=\"so-widget-sow-editor so-widget-sow-editor-base\">\n<div class=\"siteorigin-widget-tinymce textwidget\">\n\t<div class=\"t-block\">\n<h6><\/h6>\n<hr class=\"symple-divider dashed \" style=\"margin-top: 25px;margin-bottom: 25px;\" \/>\n<p>&nbsp;<\/p>\n<p>Le forfait de la st\u00e9rilisation est \u00e0 voir avec le refuge<\/p>\n<\/div>\n<\/div>\n<\/div><\/div><\/div><\/div><div id=\"pg-237-6\"  class=\"panel-grid panel-no-style\" ><div id=\"pgc-237-6-0\"  class=\"panel-grid-cell panel-grid-cell-empty panel-grid-cell-mobile-last\" ><\/div><div id=\"pgc-237-6-1\"  class=\"panel-grid-cell panel-grid-cell-empty\" ><\/div><\/div><\/div>","protected":false},"excerpt":{"rendered":"<p>Conditions d&rsquo;adoptions Adopter un animal est une d\u00e9marche s\u00e9rieuse et responsable. Elle implique tous les membres d&rsquo;une famille et s&rsquo;inscrit dans le temps. Un animal est un\u00a0\u00eatre vivant qui m\u00e9rite du temps, de l&rsquo;attention et de l&rsquo;amour. Le refuge veille et tient \u00e0 ce que cet engagement soit m\u00fbrement r\u00e9fl\u00e9chi pour \u00e9viter un nouvel abandon.Lire la suite &rarr;<\/p>\n","protected":false},"author":1,"featured_media":0,"parent":0,"menu_order":0,"comment_status":"closed","ping_status":"closed","template":"","meta":[],"yoast_head":"<!-- This site is optimized with the Yoast SEO plugin v15.3 - https:\/\/yoast.com\/wordpress\/plugins\/seo\/ -->\n<title>Refuge d&#039;Etretat | Conditions d&#039;adoption<\/title>\n<meta name=\"description\" content=\"Consulter les conditions d&#039;adoption du refuge.\" \/>\n<meta name=\"robots\" content=\"index, follow, max-snippet:-1, max-image-preview:large, max-video-preview:-1\" \/>\n<link rel=\"canonical\" href=\"http:\/\/www.refuge-animaux-etretat.fr\/RefugeEtretat\/conditions-dadoption\/\" \/>\n<meta property=\"og:locale\" content=\"fr_FR\" \/>\n<meta property=\"og:type\" content=\"article\" \/>\n<meta property=\"og:title\" content=\"Refuge d&#039;Etretat | Conditions d&#039;adoption\" \/>\n<meta property=\"og:description\" content=\"Consulter les conditions d&#039;adoption du refuge.\" \/>\n<meta property=\"og:url\" content=\"http:\/\/www.refuge-animaux-etretat.fr\/RefugeEtretat\/conditions-dadoption\/\" \/>\n<meta property=\"og:site_name\" content=\"Refuge d&#039;Etretat\" \/>\n<meta property=\"article:modified_time\" content=\"2025-11-04T19:44:09+00:00\" \/>\n<meta property=\"og:image\" content=\"http:\/\/www.refuge-animaux-etretat.fr\/RefugeEtretat\/wp-content\/themes\/bento-child\/images\/dogs.svg\" \/>\n<meta name=\"twitter:card\" content=\"summary_large_image\" \/>\n<meta name=\"twitter:label1\" content=\"\u00c9crit par\">\n\t<meta name=\"twitter:data1\" content=\"Refuge Etretat\">\n\t<meta name=\"twitter:label2\" content=\"Dur\u00e9e de lecture est.\">\n\t<meta name=\"twitter:data2\" content=\"1 minute\">\n<script type=\"application\/ld+json\" class=\"yoast-schema-graph\">{\"@context\":\"https:\/\/schema.org\",\"@graph\":[{\"@type\":\"Organization\",\"@id\":\"http:\/\/www.refuge-animaux-etretat.fr\/RefugeEtretat\/#organization\",\"name\":\"Refuge d'Etretat\",\"url\":\"http:\/\/www.refuge-animaux-etretat.fr\/RefugeEtretat\/\",\"sameAs\":[],\"logo\":{\"@type\":\"ImageObject\",\"@id\":\"http:\/\/www.refuge-animaux-etretat.fr\/RefugeEtretat\/#logo\",\"inLanguage\":\"fr-FR\",\"url\":\"http:\/\/www.refuge-animaux-etretat.fr\/RefugeEtretat\/wp-content\/uploads\/2018\/09\/Refuge-Etretat-logo.png\",\"width\":413,\"height\":413,\"caption\":\"Refuge d'Etretat\"},\"image\":{\"@id\":\"http:\/\/www.refuge-animaux-etretat.fr\/RefugeEtretat\/#logo\"}},{\"@type\":\"WebSite\",\"@id\":\"http:\/\/www.refuge-animaux-etretat.fr\/RefugeEtretat\/#website\",\"url\":\"http:\/\/www.refuge-animaux-etretat.fr\/RefugeEtretat\/\",\"name\":\"Refuge d&#039;Etretat\",\"description\":\"\",\"publisher\":{\"@id\":\"http:\/\/www.refuge-animaux-etretat.fr\/RefugeEtretat\/#organization\"},\"potentialAction\":[{\"@type\":\"SearchAction\",\"target\":\"http:\/\/www.refuge-animaux-etretat.fr\/RefugeEtretat\/?s={search_term_string}\",\"query-input\":\"required name=search_term_string\"}],\"inLanguage\":\"fr-FR\"},{\"@type\":\"ImageObject\",\"@id\":\"http:\/\/www.refuge-animaux-etretat.fr\/RefugeEtretat\/conditions-dadoption\/#primaryimage\",\"inLanguage\":\"fr-FR\",\"url\":\"http:\/\/www.refuge-animaux-etretat.fr\/RefugeEtretat\/wp-content\/themes\/bento-child\/images\/dogs.svg\"},{\"@type\":\"WebPage\",\"@id\":\"http:\/\/www.refuge-animaux-etretat.fr\/RefugeEtretat\/conditions-dadoption\/#webpage\",\"url\":\"http:\/\/www.refuge-animaux-etretat.fr\/RefugeEtretat\/conditions-dadoption\/\",\"name\":\"Refuge d&#039;Etretat | Conditions d'adoption\",\"isPartOf\":{\"@id\":\"http:\/\/www.refuge-animaux-etretat.fr\/RefugeEtretat\/#website\"},\"primaryImageOfPage\":{\"@id\":\"http:\/\/www.refuge-animaux-etretat.fr\/RefugeEtretat\/conditions-dadoption\/#primaryimage\"},\"datePublished\":\"2018-10-08T16:42:31+00:00\",\"dateModified\":\"2025-11-04T19:44:09+00:00\",\"description\":\"Consulter les conditions d'adoption du refuge.\",\"inLanguage\":\"fr-FR\",\"potentialAction\":[{\"@type\":\"ReadAction\",\"target\":[\"http:\/\/www.refuge-animaux-etretat.fr\/RefugeEtretat\/conditions-dadoption\/\"]}]}]}<\/script>\n<!-- \/ Yoast SEO plugin. -->","_links":{"self":[{"href":"http:\/\/www.refuge-animaux-etretat.fr\/RefugeEtretat\/wp-json\/wp\/v2\/pages\/237"}],"collection":[{"href":"http:\/\/www.refuge-animaux-etretat.fr\/RefugeEtretat\/wp-json\/wp\/v2\/pages"}],"about":[{"href":"http:\/\/www.refuge-animaux-etretat.fr\/RefugeEtretat\/wp-json\/wp\/v2\/types\/page"}],"author":[{"embeddable":true,"href":"http:\/\/www.refuge-animaux-etretat.fr\/RefugeEtretat\/wp-json\/wp\/v2\/users\/1"}],"replies":[{"embeddable":true,"href":"http:\/\/www.refuge-animaux-etretat.fr\/RefugeEtretat\/wp-json\/wp\/v2\/comments?post=237"}],"version-history":[{"count":49,"href":"http:\/\/www.refuge-animaux-etretat.fr\/RefugeEtretat\/wp-json\/wp\/v2\/pages\/237\/revisions"}],"predecessor-version":[{"id":1564,"href":"http:\/\/www.refuge-animaux-etretat.fr\/RefugeEtretat\/wp-json\/wp\/v2\/pages\/237\/revisions\/1564"}],"wp:attachment":[{"href":"http:\/\/www.refuge-animaux-etretat.fr\/RefugeEtretat\/wp-json\/wp\/v2\/media?parent=237"}],"curies":[{"name":"wp","href":"https:\/\/api.w.org\/{rel}","templated":true}]}}